{"id":375,"date":"2023-09-06T18:21:35","date_gmt":"2023-09-06T16:21:35","guid":{"rendered":"http:\/\/aburyfoundation.withenoto.com\/?page_id=375"},"modified":"2024-08-23T16:27:33","modified_gmt":"2024-08-23T14:27:33","slug":"impressum","status":"publish","type":"page","link":"https:\/\/abury.org\/de\/impressum\/","title":{"rendered":"Impressum"},"content":{"rendered":"[vc_row type=&#8220;in_container&#8220; full_screen_row_position=&#8220;middle&#8220; column_margin=&#8220;default&#8220; column_direction=&#8220;default&#8220; column_direction_tablet=&#8220;default&#8220; column_direction_phone=&#8220;default&#8220; scene_position=&#8220;center&#8220; top_margin=&#8220;8%&#8220; text_color=&#8220;dark&#8220; text_align=&#8220;left&#8220; row_border_radius=&#8220;none&#8220; row_border_radius_applies=&#8220;bg&#8220; overflow=&#8220;visible&#8220; overlay_strength=&#8220;0.3&#8243; gradient_direction=&#8220;left_to_right&#8220; shape_divider_position=&#8220;bottom&#8220; bg_image_animation=&#8220;none&#8220; gradient_type=&#8220;default&#8220; shape_type=&#8220;&#8220;][vc_column column_padding=&#8220;no-extra-padding&#8220; column_padding_tablet=&#8220;inherit&#8220; column_padding_phone=&#8220;inherit&#8220; column_padding_position=&#8220;all&#8220; column_element_direction_desktop=&#8220;default&#8220; column_element_spacing=&#8220;default&#8220; desktop_text_alignment=&#8220;default&#8220; tablet_text_alignment=&#8220;default&#8220; phone_text_alignment=&#8220;default&#8220; background_color_opacity=&#8220;1&#8243; background_hover_color_opacity=&#8220;1&#8243; column_backdrop_filter=&#8220;none&#8220; column_shadow=&#8220;none&#8220; column_border_radius=&#8220;none&#8220; column_link_target=&#8220;_self&#8220; column_position=&#8220;default&#8220; gradient_direction=&#8220;left_to_right&#8220; overlay_strength=&#8220;0.3&#8243; width=&#8220;1\/1&#8243; tablet_width_inherit=&#8220;default&#8220; animation_type=&#8220;default&#8220; bg_image_animation=&#8220;none&#8220; border_type=&#8220;simple&#8220; column_border_width=&#8220;none&#8220; column_border_style=&#8220;solid&#8220;][vc_column_text css=&#8220;&#8220; text_direction=&#8220;default&#8220;]\n<h2>VERANTWORTLICH F\u00dcR DIESE WEBSITE<\/h2>\n<p>Andrea Bury<\/p>\n<p>ABURY Foundation gGmbH<br \/>\nHandelsregister 132502 b<br \/>\nMarienstrasse 22<br \/>\n10117 Berlin<\/p>\n<p>+49 (0)174 &#8211; 920 86 41<\/p>\n<p><a href=\"mailto:foundation@abury.org\">foundation@abury.org<\/a><\/p>\n<p>www.abury.org<\/p>\n<p>&nbsp;<\/p>\n<h2>CREDITS<\/h2>\n<h3>Gestaltung &amp; Entwicklung<\/h3>\n<p>Lara Petersen | withenoto<br \/>\n<a href=\"mailto:hi@withenoto.com\">hi@withenoto.com<\/a><\/p>\n<p>&nbsp;<\/p>\n<h3>Text<\/h3>\n<p>ABURY Foundation<\/p>\n<p>Lara Petersen | withenoto<\/p>\n<p>Christine Besselmann | b-come<\/p>\n<p>&nbsp;<\/p>\n<h3>Fotos<\/h3>\n<p>ABURY Foundation<\/p>\n<p>Andre Gaspar<\/p>\n<p>Maks Richter<\/p>\n<p>Mat Hannek<\/p>\n<p>Suzana Holtgrave<\/p>\n<p>Thomas Rusch<\/p>\n<p>&nbsp;<\/p>\n<h3>Videos<\/h3>\n<p>ABURY Foundation<\/p>\n<p>Namika | YouTube<\/p>\n<p>&nbsp;<\/p>\n<h2>DISCLAIMER<\/h2>\n<p>1. Haftungsausschluss<\/p>\n<p>Als Diensteanbieter ist der Autor gem\u00e4\u00df \u00a7 7 Abs.1 TMG f\u00fcr eigene Inhalte auf diesen Seiten nach den allgemeinen Gesetzen verantwortlich. Nach \u00a7\u00a7 8 bis 10 TMG ist der Autor als Diensteanbieter jedoch nicht verpflichtet, \u00fcbermittelte oder gespeicherte fremde Informationen zu \u00fcberwachen oder nach Umst\u00e4nden zu forschen, die auf eine rechtswidrige T\u00e4tigkeit hinweisen. Verpflichtungen zur Entfernung oder Sperrung der Nutzung von Informationen nach den allgemeinen Gesetzen bleiben hiervon unber\u00fchrt. Eine diesbez\u00fcgliche Haftung ist jedoch erst ab dem Zeitpunkt der Kenntnis einer konkreten Rechtsverletzung m\u00f6glich. Bei bekannt werden von entsprechenden Rechtsverletzungen werden wir diese Inhalte umgehend entfernen. Der Autor \u00fcbernimmt keinerlei Gew\u00e4hr f\u00fcr die Aktualit\u00e4t, Korrektheit oder Vollst\u00e4ndigkeit der auf dieser Webpr\u00e4senz bereitgestellten Informationen. Haftungsanspr\u00fcche gegen den Autor, welche sich auf Sch\u00e4den materieller oder ideeller Art beziehen, die durch die Nutzung oder Nichtnutzung der dargebotenen Informationen bzw. durch die Nutzung fehlerhafter und unvollst\u00e4ndiger Informationen entstanden sind, sind grunds\u00e4tzlich ausgeschlossen, es sei denn, dem Autor kann vors\u00e4tzliches oder grob fahrl\u00e4ssiges Verschulden nachgewiesen werden.<\/p>\n<p>2. Verf\u00fcgbarkeit<\/p>\n<p>Der Autor beh\u00e4lt es sich ausdr\u00fccklich vor, Teile der Seiten oder das gesamte Angebot ohne gesonderte Ank\u00fcndigung zu ver\u00e4ndern, zu erg\u00e4nzen, zu l\u00f6schen oder die Ver\u00f6ffentlichung zeitweise oder endg\u00fcltig einzustellen.<\/p>\n<p>3. Verweise und Links<\/p>\n<p>F\u00fcr Links auf fremde Webseiten, die au\u00dferhalb des Verantwortungsbereiches des Autors liegen, w\u00fcrde eine Haftungsverpflichtung ausschlie\u00dflich in dem Fall in Kraft treten, in dem der Autor von den Inhalten Kenntnis hat und es ihm technisch m\u00f6glich und zumutbar w\u00e4re, die Nutzung im Falle rechtswidriger Inhalte zu verhindern. Der Autor erkl\u00e4rt hiermit ausdr\u00fccklich, dass zum Zeitpunkt der Linksetzung keine illegalen Inhalte auf den zu verlinkenden Seiten erkennbar waren. Auf die aktuelle und zuk\u00fcnftige Gestaltung, die Inhalte oder die Urheberschaft der verlinkten Seiten hat der Autor keinerlei Einfluss. Deshalb distanziert er sich hiermit ausdr\u00fccklich von allen Inhalten aller verlinkten Seiten, die nach der Linksetzung ver\u00e4ndert wurden. Diese Feststellung gilt sowohl f\u00fcr alle innerhalb dieser Website gesetzten Links als auch f\u00fcr sonstige Hinweise auf fremde Webseiten. F\u00fcr illegale, fehlerhafte oder unvollst\u00e4ndige Inhalte und insbesondere f\u00fcr Sch\u00e4den, die aus der Nutzung oder Nichtnutzung solcherart dargebotener Informationen entstehen, haftet allein der Anbieter der Seite, auf welche verwiesen wurde, nicht derjenige, der \u00fcber Links auf die jeweilige Ver\u00f6ffentlichung lediglich verweist.<\/p>\n<p>4. Urheberrecht<\/p>\n<p>Der Autor ist bestrebt, auf dieser Website die Urheberrechte der verwendeten Bilder, Grafiken und Texte zu beachten, von ihm selbst erstellte Bilder, Grafiken und Texte zu nutzen oder auf lizenzfreie Grafiken und Texte zur\u00fcckzugreifen.\u00a0 Alle innerhalb des Internetangebotes genannten und ggf. durch Dritte gesch\u00fctzten Marken- und Warenzeichen unterliegen uneingeschr\u00e4nkt den Bestimmungen des jeweils g\u00fcltigen Kennzeichenrechts und den Besitzrechten der jeweiligen eingetragenen Eigent\u00fcmer. Die blo\u00dfe Nennung eines Markenzeichens erlaubt nicht den Schluss, dass es frei von Rechten Dritter ist.\u00a0 Das Copyright f\u00fcr ver\u00f6ffentlichte, vom Autor selbst erstellte Objekte bleibt allein beim Autor der Seiten. Eine Vervielf\u00e4ltigung oder Verwendung solcher Grafiken und Texte in anderen elektronischen oder gedruckten Publikationen ist ohne ausdr\u00fcckliche schriftliche Zustimmung des Autors nicht gestattet.\u00a0 Eigenm\u00e4chtige Ver\u00e4nderungen von Inhalten oder Gestaltung dieser Website oder Einflussnahme auf die Erreichbarkeit oder Verf\u00fcgbarkeit dieser Website sind nicht gestattet, auch nicht durch Dritte, die ihre Rechte durch Inhalte oder Gestaltung dieser Website verletzt sehen. Sollte Inhalt oder Aufmachung dieser Website die Rechte Dritter oder gesetzliche Bestimmungen verletzen, wird um eine entsprechende Nachricht ohne Kostennote gebeten. Der Autor sichert zu, zu Recht beanstandete Passagen unverz\u00fcglich zu entfernen, ohne dass von Seite des Rechteinhabers die Einschaltung eines Rechtsbeistandes erforderlich ist. Ohne vorherige Kontaktaufnahme ausgel\u00f6ste Kosten werden vollumf\u00e4nglich zur\u00fcckgewiesen, wobei der Autor sich vorbeh\u00e4lt, Gegenklage wegen Verletzung vorgenannter Bestimmungen zu erheben.<\/p>\n<p>5. Datenschutz<\/p>\n<p>Insoweit auf dieser Website die M\u00f6glichkeit zur Eingabe pers\u00f6nlicher oder gesch\u00e4ftlicher Daten (Emailadressen, Namen, Anschriften) besteht, erfolgt die Preisgabe dieser Daten seitens des Nutzers auf ausdr\u00fccklich freiwilliger Basis. Die Inanspruchnahme aller angebotenen Dienste ist &#8211; soweit technisch m\u00f6glich und zumutbar &#8211; auch ohne Angabe solcher Daten bzw. unter Angabe anonymisierter Daten oder eines Pseudonyms gestattet. Die Nutzung der im Rahmen des Impressums oder vergleichbarer Angaben ver\u00f6ffentlichten Kontaktdaten wie Postanschriften, Telefon- und Faxnummern sowie Emailadressen durch Dritte zur \u00dcbersendung von nicht ausdr\u00fccklich angeforderten Informationen ist nicht gestattet. Rechtliche Schritte gegen die Versender von sogenannten Spam-Mails bei Verst\u00f6ssen gegen dieses Verbot sind ausdr\u00fccklich vorbehalten. Unsere ausf\u00fchrliche Datenschutzerkl\u00e4rung gem\u00e4\u00df DSVGO finden Sie auf der Seite DATENSCHUTZ.<\/p>\n<p>6. Rechtswirksamkeit dieser Nutzungsbedingungen<\/p>\n<p>Diese Nutzungsbedingungen gelten f\u00fcr die gesamte Website, von der diese Seite ein Teil ist. Sofern Teile oder einzelne Formulierungen dieses Textes der geltenden Rechtslage nicht, nicht mehr oder nicht vollst\u00e4ndig entsprechen sollten, bleiben die \u00fcbrigen Teile des Dokumentes in ihrem Inhalt und ihrer G\u00fcltigkeit davon unber\u00fchrt.[\/vc_column_text][\/vc_column][\/vc_row]\n","protected":false},"excerpt":{"rendered":"<p>[vc_row type=&#8220;in_container&#8220; full_screen_row_position=&#8220;middle&#8220; column_margin=&#8220;default&#8220; column_direction=&#8220;default&#8220; column_direction_tablet=&#8220;default&#8220; column_direction_phone=&#8220;default&#8220; scene_position=&#8220;center&#8220; top_margin=&#8220;8%&#8220; text_color=&#8220;dark&#8220; text_align=&#8220;left&#8220; row_border_radius=&#8220;none&#8220; row_border_radius_applies=&#8220;bg&#8220; overflow=&#8220;visible&#8220; overlay_strength=&#8220;0.3&#8243; gradient_direction=&#8220;left_to_right&#8220; shape_divider_position=&#8220;bottom&#8220; bg_image_animation=&#8220;none&#8220; gradient_type=&#8220;default&#8220; shape_type=&#8220;&#8220;][vc_column column_padding=&#8220;no-extra-padding&#8220; column_padding_tablet=&#8220;inherit&#8220; column_padding_phone=&#8220;inherit&#8220; column_padding_position=&#8220;all&#8220; column_element_direction_desktop=&#8220;default&#8220;&#8230;<\/p>\n","protected":false},"author":1,"featured_media":0,"parent":0,"menu_order":0,"comment_status":"closed","ping_status":"closed","template":"","meta":{"footnotes":"","_links_to":"","_links_to_target":""},"class_list":["post-375","page","type-page","status-publish"],"_links":{"self":[{"href":"https:\/\/abury.org\/de\/wp-json\/wp\/v2\/pages\/375","targetHints":{"allow":["GET"]}}],"collection":[{"href":"https:\/\/abury.org\/de\/wp-json\/wp\/v2\/pages"}],"about":[{"href":"https:\/\/abury.org\/de\/wp-json\/wp\/v2\/types\/page"}],"author":[{"embeddable":true,"href":"https:\/\/abury.org\/de\/wp-json\/wp\/v2\/users\/1"}],"replies":[{"embeddable":true,"href":"https:\/\/abury.org\/de\/wp-json\/wp\/v2\/comments?post=375"}],"version-history":[{"count":5,"href":"https:\/\/abury.org\/de\/wp-json\/wp\/v2\/pages\/375\/revisions"}],"predecessor-version":[{"id":2410,"href":"https:\/\/abury.org\/de\/wp-json\/wp\/v2\/pages\/375\/revisions\/2410"}],"wp:attachment":[{"href":"https:\/\/abury.org\/de\/wp-json\/wp\/v2\/media?parent=375"}],"curies":[{"name":"wp","href":"https:\/\/api.w.org\/{rel}","templated":true}]}}