{"id":361,"date":"2023-09-06T18:07:50","date_gmt":"2023-09-06T16:07:50","guid":{"rendered":"http:\/\/aburyfoundation.withenoto.com\/?page_id=361"},"modified":"2025-04-22T21:12:26","modified_gmt":"2025-04-22T19:12:26","slug":"transparenz","status":"publish","type":"page","link":"https:\/\/abury.org\/de\/transparenz\/","title":{"rendered":"Transparenz"},"content":{"rendered":"[vc_row type=&#8220;in_container&#8220; full_screen_row_position=&#8220;middle&#8220; column_margin=&#8220;default&#8220; column_direction=&#8220;default&#8220; column_direction_tablet=&#8220;default&#8220; column_direction_phone=&#8220;default&#8220; scene_position=&#8220;center&#8220; top_margin=&#8220;8%&#8220; text_color=&#8220;dark&#8220; text_align=&#8220;left&#8220; row_border_radius=&#8220;none&#8220; row_border_radius_applies=&#8220;bg&#8220; overflow=&#8220;visible&#8220; overlay_strength=&#8220;0.3&#8243; gradient_direction=&#8220;left_to_right&#8220; shape_divider_position=&#8220;bottom&#8220; bg_image_animation=&#8220;none&#8220; gradient_type=&#8220;default&#8220; shape_type=&#8220;&#8220;][vc_column column_padding=&#8220;no-extra-padding&#8220; column_padding_tablet=&#8220;inherit&#8220; column_padding_phone=&#8220;inherit&#8220; column_padding_position=&#8220;all&#8220; column_element_direction_desktop=&#8220;default&#8220; column_element_spacing=&#8220;default&#8220; desktop_text_alignment=&#8220;default&#8220; tablet_text_alignment=&#8220;default&#8220; phone_text_alignment=&#8220;default&#8220; background_color_opacity=&#8220;1&#8243; background_hover_color_opacity=&#8220;1&#8243; column_backdrop_filter=&#8220;none&#8220; column_shadow=&#8220;none&#8220; column_border_radius=&#8220;none&#8220; column_link_target=&#8220;_self&#8220; column_position=&#8220;default&#8220; gradient_direction=&#8220;left_to_right&#8220; overlay_strength=&#8220;0.3&#8243; width=&#8220;1\/1&#8243; tablet_width_inherit=&#8220;default&#8220; animation_type=&#8220;default&#8220; bg_image_animation=&#8220;none&#8220; border_type=&#8220;simple&#8220; column_border_width=&#8220;none&#8220; column_border_style=&#8220;solid&#8220;][vc_column_text css=&#8220;&#8220; text_direction=&#8220;default&#8220;]<img loading=\"lazy\" decoding=\"async\" class=\"alignnone size-full wp-image-380\" src=\"https:\/\/abury.org\/wp-content\/uploads\/2023\/09\/Transparente_ZivilgesellschaftPNG-1.webp\" alt=\"\" width=\"267\" height=\"73\" \/><\/p>\n<p>Wir sind der \u00dcberzeugung, dass Transparenz ein Kernkriterium f\u00fcr vertrauensw\u00fcrdiges gesellschaftliches Engagement darstellt. Daher haben wir uns im Rahmen der Initiative Transparente Zivilgesellschaft dazu, verpflichtet die nachstehenden Informationen der \u00d6ffentlichkeit zur Verf\u00fcgung zu stellen.<\/p>\n<p>&nbsp;<\/p>\n<p><strong>1. Generelle Informationen<\/strong><\/p>\n<p>Name: ABURY Foundation gGmbH<br \/>\nSitz: Marienstrasse 22<br \/>\nD-10117 Berlin<br \/>\nGr\u00fcndungsjahr: 2011<\/p>\n<p>Ansprechpartnerin: Andrea Bury, <a href=\"mailto:foundation@abury.org\">foundation@abury.org<\/a><\/p>\n<p>&nbsp;<\/p>\n<p><strong>2. Ziele und Gesellschaftsvertrag<\/strong><\/p>\n<p>Unser <a href=\"\/wp-content\/uploads\/2023\/09\/ABURY-Foundation_Gesellschaftsvertrag.pdf\" target=\"_blank\" rel=\"noopener\">Gesellschaftsvertrag<\/a> kann hier heruntergeladen werden.<\/p>\n<p>Mission: Unsere Mission l\u00e4sst sich in 3 Punkten zusammenfassen:<\/p>\n<p>&nbsp;<\/p>\n<p><strong>2.1 FRAUEN ST\u00c4RKEN<\/strong><\/p>\n<p>Gleichberechtigung ist global gesehen keine Selbstverst\u00e4ndlichkeit. Laut des \u201cGlobal Gender Gap Report 2021\u201d (World Economic Forum) wird dies erst in 135,6 Jahren der Fall sein. Denn in manchen Teilen der Welt wird Frauen Entscheidungsfreiheit \u00fcber die Art wie sie leben wollen noch immer verwehrt. Ihnen werden grundlegende Rechte wie Bildung, eine entlohnte T\u00e4tigkeit au\u00dferhalb des Hauses oder Gr\u00fcndung eines Unternehmens, Besitz von Eigentum, Aufsuchen eines Arztes, Fahren eines Autos, die Wahl eines Ehemanns, Einsatz von Verh\u00fctungsmitteln, Scheidung und vieles mehr untersagt. Unser Ziel ist es, diesen Frauen zu helfen, indem wir ihre Position st\u00e4rken, damit sie selbstbestimmt leben k\u00f6nnen.<\/p>\n<p>&nbsp;<\/p>\n<p><strong>2.2 BILDUNG F\u00d6RDERN<\/strong><\/p>\n<p>Ganzheitliche Bildung ist die Basis f\u00fcr ein selbstbestimmtes Leben. Neben einer klassischen Schulbildung und Berufsausbildung ist auch das Erlernen sogenannter Softskills wie Durchsetzungsverm\u00f6gen, Risikobereitschaft, Ausdauer und Sozialkompetenz notwendig, um beruflich erfolgreich zu sein. Aufgrund traditioneller Rollenbilder fehlt es vielen Frauen an Selbstbewusstsein, finanziell unabh\u00e4ngig zu leben. Wir helfen Frauen, ihren Weg zu gehen, indem wir sie von der Idee bis zur eigenen Unternehmung begleiten und sie mit allem daf\u00fcr Notwendigen ausstatten. Wir verschaffen Ihnen Zugang zu ganzheitlicher Bildung, Frauennetzwerken und Plattformen, auf denen sie ihre besonderen Talente pr\u00e4sentieren k\u00f6nnen.<\/p>\n<p>&nbsp;<\/p>\n<p><strong>2.3 VERST\u00c4NDIGUNG ERM\u00d6GLICHEN<\/strong><\/p>\n<p>Unser Motto lautet MITEINANDER. Wir glauben fest daran, dass wir nur gemeinsam Probleme l\u00f6sen k\u00f6nnen. Deshalb setzen wir uns ein f\u00fcr den Austausch zwischen\u00a0 verschiedenen Kulturen und schaffen Umfelder sowie Gelegenheiten f\u00fcr einen Diskurs auf Augenh\u00f6he. Wir integrieren Menschen in unser globales Netzwerk, die voneinander lernen und sich gegen-seitig helfen k\u00f6nnen &#8211; unabh\u00e4ngig von Hautfarbe, Geschlecht, Religion, Alter, Bildung oder Einkommen.<\/p>\n<p>&nbsp;<\/p>\n<p><strong>3. J\u00fcngster Bescheid des Finanzamtes \u00fcber die Anerkennung als steuerbeg\u00fcnstigte, gemeinn\u00fctzige K\u00f6rperschaft<\/strong><\/p>\n<p>Die j\u00fcngste Best\u00e4tigung des Finanzamtes kann hier heruntergeladen werden: <a href=\"\/wp-content\/uploads\/2024\/04\/Freistellungsbescheid_2022.pdf\" target=\"_blank\" rel=\"noopener\">Freistellungsbescheid<\/a><\/p>\n<p>&nbsp;<\/p>\n<p><strong>4. Namen und Funktionen wesentlicher Entscheidungstr\u00e4ger<\/strong><\/p>\n<p>Personen die satzungs- bzw. gesellschaftsvertragsgem\u00e4\u00dfe Entscheidungen f\u00e4llen k\u00f6nnen:<\/p>\n<p>Andrea Bury (Gesch\u00e4ftsf\u00fchrerin), Petra Hoffmann (Gesellschafterin, 6.250 Anteile), Britt He\u00df (Gesellschafterin, 500 Anteile), Heike Janssen (Gesellschafterin, 500 Anteile).<\/p>\n<p>&nbsp;<\/p>\n<p><strong>5. T\u00e4tigkeitsbericht<\/strong><\/p>\n<p>Unser Jahres bzw. T\u00e4tigkeitsbericht kann hier heruntergeladen werden:<br \/>\n<a href=\"\/wp-content\/uploads\/2025\/01\/Jahresbericht_ABURY-Foundation-2023.pdf\" target=\"_blank\" rel=\"noopener\">T\u00e4tigkeitsbericht \u00fcber das Jahr 2023<\/a><\/p>\n<p>&nbsp;<\/p>\n<p><strong>6. Personalstruktur<\/strong><\/p>\n<p>Die ABURY Foundation wird seit 2023 von vier Gesellschafterinnen gef\u00fchrt. Die Gesellschafterinnen sind alle auch operativ pro bono f\u00fcr die Foundation t\u00e4tig:<\/p>\n<p>Andrea Bury ist Gr\u00fcnderin und Gesch\u00e4ftsf\u00fchrerin, Petra Hoffmann ist CPO und zust\u00e4ndig f\u00fcr Produkte und Kooperationen, Britt He\u00df \u00fcbernimmt Fundraising und Freundeskreis und Heike Janssen Finanzen und Spenden.<br \/>\nDie ABURY Foundation besch\u00e4ftigt im Moment keine festangestellten Mitarbeiter*innen, drei Freelancerinnen arbeiten auf Projektbasis f\u00fcr die Foundation (Lara Petersen f\u00fcr Website und Social Media, Laura B\u00fcltmann f\u00fcr Shopabwicklung, Lillien Emily Krammer f\u00fcr Fotoshootings\/Produktion).<\/p>\n<p><strong>Gesch\u00e4ftsf\u00fchrerin:<\/strong> Andrea Bury (seit 01.02.2011, 2022\/23 ca. 20 Stunden pro Woche) \u2013 <a href=\"mailto:andrea@abury.org\">andrea@abury.org<\/a><br \/>\n<strong>Gesellschafterin:<\/strong> Petra Hoffmann (seit 2022, 2023 ca. 20 Stunden pro Woche) \u2013 <a href=\"mailto:petra.hoffmann@abury.org\">petra.hoffmann@abury.org<\/a><br \/>\n<strong>Gesellschafterin:<\/strong> Heike Janssen (seit 01.01.2014, 2022\/2023 ca. 8 Stunden pro Woche, seit 01.06.2020 Gesellschafterin) \u2013 <a href=\"mailto:heike.janssen@abury.org\">heike.janssen@abury.org<\/a><br \/>\n<strong>Gesellschafterin:<\/strong> Britt He\u00df (seit 01.06.2020, 2023 ca. 15 Stunden pro Woche) \u2013 <a href=\"mailto:britt.hess@abury.org\">britt.hess@abury.org<\/a><\/p>\n<p>&nbsp;<\/p>\n<p><strong>7 &amp; 8. Mittelherkunft und Mittelverwendung<\/strong><\/p>\n<p>Mit Ihrer Spende unterst\u00fctzen Sie vor allem Bildungsprojekte in unterschiedlichen Bereichen. Unser Hauptziel ist es Frauen und Kindern ein selbstbestimmtes Leben zu erm\u00f6glichen.<br \/>\nEine \u00dcbersicht \u00fcber die Einnahmen und Ausgaben bietet die <a href=\"\/wp-content\/uploads\/2025\/01\/Handelsbilanz-und-GuV-2023.pdf\" target=\"_blank\" rel=\"noopener\">GuV 2023 sowie die Handelsbilanz 2023<\/a>.<\/p>\n<p>&nbsp;<\/p>\n<p><strong>9. Gesellschaftsrechtliche Verbundenheit mit Dritten<\/strong><\/p>\n<p>Keine<\/p>\n<p>&nbsp;<\/p>\n<p><strong>10. Zuwendungen, die mehr als 10% der Gesamtjahreseinnahmen von 2023 ausmachen<\/strong><\/p>\n<ul>\n<li>50.000 \u20ac Zuwendung von einer Privatperson<\/li>\n<li>2 x 20.000 \u20ac Zuwendung von je einer Privatperson<\/li>\n<\/ul>\n[\/vc_column_text][\/vc_column][\/vc_row]\n","protected":false},"excerpt":{"rendered":"<p>[vc_row type=&#8220;in_container&#8220; full_screen_row_position=&#8220;middle&#8220; column_margin=&#8220;default&#8220; column_direction=&#8220;default&#8220; column_direction_tablet=&#8220;default&#8220; column_direction_phone=&#8220;default&#8220; scene_position=&#8220;center&#8220; top_margin=&#8220;8%&#8220; text_color=&#8220;dark&#8220; text_align=&#8220;left&#8220; row_border_radius=&#8220;none&#8220; row_border_radius_applies=&#8220;bg&#8220; overflow=&#8220;visible&#8220; overlay_strength=&#8220;0.3&#8243; gradient_direction=&#8220;left_to_right&#8220; shape_divider_position=&#8220;bottom&#8220; bg_image_animation=&#8220;none&#8220; gradient_type=&#8220;default&#8220; shape_type=&#8220;&#8220;][vc_column column_padding=&#8220;no-extra-padding&#8220; column_padding_tablet=&#8220;inherit&#8220; column_padding_phone=&#8220;inherit&#8220; column_padding_position=&#8220;all&#8220; column_element_direction_desktop=&#8220;default&#8220;&#8230;<\/p>\n","protected":false},"author":1,"featured_media":0,"parent":0,"menu_order":0,"comment_status":"closed","ping_status":"closed","template":"","meta":{"footnotes":"","_links_to":"","_links_to_target":""},"class_list":["post-361","page","type-page","status-publish"],"_links":{"self":[{"href":"https:\/\/abury.org\/de\/wp-json\/wp\/v2\/pages\/361","targetHints":{"allow":["GET"]}}],"collection":[{"href":"https:\/\/abury.org\/de\/wp-json\/wp\/v2\/pages"}],"about":[{"href":"https:\/\/abury.org\/de\/wp-json\/wp\/v2\/types\/page"}],"author":[{"embeddable":true,"href":"https:\/\/abury.org\/de\/wp-json\/wp\/v2\/users\/1"}],"replies":[{"embeddable":true,"href":"https:\/\/abury.org\/de\/wp-json\/wp\/v2\/comments?post=361"}],"version-history":[{"count":20,"href":"https:\/\/abury.org\/de\/wp-json\/wp\/v2\/pages\/361\/revisions"}],"predecessor-version":[{"id":2582,"href":"https:\/\/abury.org\/de\/wp-json\/wp\/v2\/pages\/361\/revisions\/2582"}],"wp:attachment":[{"href":"https:\/\/abury.org\/de\/wp-json\/wp\/v2\/media?parent=361"}],"curies":[{"name":"wp","href":"https:\/\/api.w.org\/{rel}","templated":true}]}}